{"id":22,"date":"2016-07-08T18:20:55","date_gmt":"2016-07-08T16:20:55","guid":{"rendered":"http:\/\/beermann.designery-health.de\/Bomlitz\/?page_id=22"},"modified":"2019-07-29T12:49:54","modified_gmt":"2019-07-29T10:49:54","slug":"impressum","status":"publish","type":"page","link":"https:\/\/www.internisten-heidekreis.de\/Benefeld\/impressum\/","title":{"rendered":"Impressum"},"content":{"rendered":"<p><div class=\"fusion-fullwidth fullwidth-box fusion-builder-row-1 faded-background fusion-parallax-none hundred-percent-fullwidth non-hundred-percent-height-scrolling fusion-no-small-visibility fusion-no-medium-visibility\" style=\"--awb-border-radius-top-left:0px;--awb-border-radius-top-right:0px;--awb-border-radius-bottom-right:0px;--awb-border-radius-bottom-left:0px;--awb-padding-top:250px;--awb-padding-right:0px;--awb-padding-bottom:250px;--awb-padding-left:0px;--awb-margin-top:0px;--awb-background-size:cover;--awb-flex-wrap:wrap;\" ><div class=\"fullwidth-faded\" style=\"--awb-background-image:url(https:\/\/www.internisten-heidekreis.de\/Benefeld\/wp-content\/uploads\/2018\/12\/Hausarzt-bad-Fallingbostel-lungen-spezialist-Beermann-8100-slider.jpg);--awb-background-size:cover;\" ><\/div><div class=\"fusion-builder-row fusion-row\"><\/div><\/div><div class=\"fusion-fullwidth fullwidth-box fusion-builder-row-2 hundred-percent-fullwidth non-hundred-percent-height-scrolling fusion-no-large-visibility\" style=\"--awb-border-radius-top-left:0px;--awb-border-radius-top-right:0px;--awb-border-radius-bottom-right:0px;--awb-border-radius-bottom-left:0px;--awb-padding-top:0px;--awb-padding-right:0px;--awb-padding-bottom:0px;--awb-padding-left:0px;--awb-margin-top:0px;--awb-flex-wrap:wrap;\" ><div class=\"fusion-builder-row fusion-row\"><div class=\"fusion-layout-column fusion_builder_column fusion-builder-column-0 fusion_builder_column_1_1 1_1 fusion-one-full fusion-column-first fusion-column-last\" style=\"--awb-padding-top:0px;--awb-padding-right:0px;--awb-padding-bottom:0px;--awb-padding-left:0px;--awb-bg-size:cover;--awb-margin-bottom:0px;\"><div class=\"fusion-column-wrapper fusion-flex-column-wrapper-legacy\"><div class=\"fusion-image-element in-legacy-container\" style=\"--awb-caption-title-font-family:var(--h2_typography-font-family);--awb-caption-title-font-weight:var(--h2_typography-font-weight);--awb-caption-title-font-style:var(--h2_typography-font-style);--awb-caption-title-size:var(--h2_typography-font-size);--awb-caption-title-transform:var(--h2_typography-text-transform);--awb-caption-title-line-height:var(--h2_typography-line-height);--awb-caption-title-letter-spacing:var(--h2_typography-letter-spacing);\"><span class=\" fusion-imageframe imageframe-none imageframe-1 hover-type-none\"><img decoding=\"async\" width=\"2000\" height=\"600\" title=\"Hausarzt-bad-Fallingbostel-lungen-spezialist-Beermann-8100-slider\" src=\"https:\/\/www.internisten-heidekreis.de\/Benefeld\/wp-content\/uploads\/2018\/12\/Hausarzt-bad-Fallingbostel-lungen-spezialist-Beermann-8100-slider.jpg\" alt class=\"img-responsive wp-image-1038\" srcset=\"https:\/\/www.internisten-heidekreis.de\/Benefeld\/wp-content\/uploads\/2018\/12\/Hausarzt-bad-Fallingbostel-lungen-spezialist-Beermann-8100-slider-200x60.jpg 200w, https:\/\/www.internisten-heidekreis.de\/Benefeld\/wp-content\/uploads\/2018\/12\/Hausarzt-bad-Fallingbostel-lungen-spezialist-Beermann-8100-slider-400x120.jpg 400w, https:\/\/www.internisten-heidekreis.de\/Benefeld\/wp-content\/uploads\/2018\/12\/Hausarzt-bad-Fallingbostel-lungen-spezialist-Beermann-8100-slider-600x180.jpg 600w, https:\/\/www.internisten-heidekreis.de\/Benefeld\/wp-content\/uploads\/2018\/12\/Hausarzt-bad-Fallingbostel-lungen-spezialist-Beermann-8100-slider-800x240.jpg 800w, https:\/\/www.internisten-heidekreis.de\/Benefeld\/wp-content\/uploads\/2018\/12\/Hausarzt-bad-Fallingbostel-lungen-spezialist-Beermann-8100-slider-1200x360.jpg 1200w, https:\/\/www.internisten-heidekreis.de\/Benefeld\/wp-content\/uploads\/2018\/12\/Hausarzt-bad-Fallingbostel-lungen-spezialist-Beermann-8100-slider.jpg 2000w\" sizes=\"(max-width: 800px) 100vw, 2000px\" \/><\/span><\/div><div class=\"fusion-clearfix\"><\/div><\/div><\/div><\/div><\/div><div class=\"fusion-fullwidth fullwidth-box fusion-builder-row-3 nonhundred-percent-fullwidth non-hundred-percent-height-scrolling\" style=\"--awb-background-position:left top;--awb-border-radius-top-left:0px;--awb-border-radius-top-right:0px;--awb-border-radius-bottom-right:0px;--awb-border-radius-bottom-left:0px;--awb-padding-top:3%;--awb-padding-bottom:1%;--awb-border-sizes-top:0px;--awb-border-sizes-bottom:0px;--awb-flex-wrap:wrap;\" ><div class=\"fusion-builder-row fusion-row\"><div class=\"fusion-layout-column fusion_builder_column fusion-builder-column-1 fusion_builder_column_1_1 1_1 fusion-one-full fusion-column-first fusion-column-last\" style=\"--awb-bg-size:cover;\"><div class=\"fusion-column-wrapper fusion-flex-column-wrapper-legacy\"><div class=\"fusion-title title fusion-title-1 fusion-sep-none fusion-title-center fusion-title-text fusion-title-size-one\" style=\"--awb-margin-bottom:0px;--awb-margin-top-small:0px;--awb-margin-right-small:0px;--awb-margin-bottom-small:20px;--awb-margin-left-small:0px;\"><h1 class=\"fusion-title-heading title-heading-center fusion-responsive-typography-calculated\" style=\"margin:0;--fontSize:32;line-height:1.5;\">Impressum<\/h1><\/div><div class=\"fusion-title title fusion-title-2 fusion-sep-none fusion-title-center fusion-title-text fusion-title-size-two\" style=\"--awb-margin-top-small:0px;--awb-margin-right-small:0px;--awb-margin-bottom-small:20px;--awb-margin-left-small:0px;\"><h2 class=\"fusion-title-heading title-heading-center fusion-responsive-typography-calculated\" style=\"margin:0;--fontSize:32;line-height:1.5;\">Internisten im Heidekreis<\/h2><\/div><div class=\"fusion-sep-clear\"><\/div><div class=\"fusion-separator\" style=\"margin-left: auto;margin-right: auto;margin-top:0px;margin-bottom:0px;width:100%;max-width:29%;\"><div class=\"fusion-separator-border sep-single sep-solid\" style=\"--awb-height:20px;--awb-amount:20px;--awb-sep-color:#cd2027;border-color:#cd2027;border-top-width:2px;\"><\/div><\/div><div class=\"fusion-sep-clear\"><\/div>\n<div class=\"fusion-sep-clear\"><\/div><div class=\"fusion-separator yamera-bottom-sep\" style=\"margin-left: auto;margin-right: auto;margin-top:0px;margin-bottom:25px;width:100%;max-width:69%;\"><div class=\"fusion-separator-border sep-single sep-solid\" style=\"--awb-height:20px;--awb-amount:20px;--awb-sep-color:#7d7c7c;border-color:#7d7c7c;border-top-width:1px;\"><\/div><\/div><div class=\"fusion-sep-clear\"><\/div>\n<div class=\"fusion-clearfix\"><\/div><\/div><\/div><div class=\"fusion-layout-column fusion_builder_column fusion-builder-column-2 fusion_builder_column_1_2 1_2 fusion-one-half fusion-column-first\" style=\"--awb-bg-size:cover;width:50%;width:calc(50% - ( ( 4% ) * 0.5 ) );margin-right: 4%;\"><div class=\"fusion-column-wrapper fusion-flex-column-wrapper-legacy\"><div class=\"fusion-text fusion-text-1\"><p><strong>Inhaber der Domain und inhaltlich verantwortlich:<\/strong><br \/>\nDr. med. Olaf Weber-Beermann<\/p>\n<p>Cordinger Str. 43 A<br \/>\n29699 Benefeld-Bomlitz<\/p>\n<p>Telefon:\u00a0<a href=\"tel:05161947710\">05161 \/ 947 710<\/a><br \/>\nTelefax: 05161 \/ 947 730<br \/>\nE-Mail:\u00a0<a href=\"mailto:hausarztinternisten-benefeld@gmx.de\">hausarztinternisten-benefeld@gmx.de<\/a><\/p>\n<p><strong>Berufsbezeichnung:<\/strong><br \/>\nDr. med. Olaf Weber-Beermann: Facharzt f\u00fcr Innere Medizin<br \/>\nAxel Menkhaus (angestellt): Facharzt f\u00fcr Innere Medizin<\/p>\n<p><strong>Verliehen in:<\/strong><br \/>\nBundesrepublik Deutschland<\/p>\n<\/div><div class=\"fusion-clearfix\"><\/div><\/div><\/div><div class=\"fusion-layout-column fusion_builder_column fusion-builder-column-3 fusion_builder_column_1_2 1_2 fusion-one-half fusion-column-last\" style=\"--awb-bg-size:cover;width:50%;width:calc(50% - ( ( 4% ) * 0.5 ) );\"><div class=\"fusion-column-wrapper fusion-flex-column-wrapper-legacy\"><div class=\"fusion-text fusion-text-2\"><div class=\"fusion-text\">\n<p><strong>Zust\u00e4ndige Aufsichtsbeh\u00f6rde:<\/strong><\/p>\n<p>Kassen\u00e4rztliche Vereinigung Niedersachsen<br \/>\nBerliner Allee 22<br \/>\n30175 Hannover<br \/>\n<a href=\"https:\/\/www.kvn.de\/\" target=\"_blank\" rel=\"noopener noreferrer\">https:\/\/www.kvn.de\/<\/a><\/p>\n<p><strong>Zust\u00e4ndige Kammer:<\/strong><\/p>\n<p>\u00c4rztekammer Niedersachsen<br \/>\nKarl-Wiechert-Allee 18-22<br \/>\n30625 Hannover<br \/>\n<a href=\"https:\/\/www.aekn.de\/\" target=\"_blank\" rel=\"noopener noreferrer\">https:\/\/www.aekn.de\/<\/a><\/p>\n<p><strong>Angaben zu berufsrechtlichen Regelungen:<\/strong><\/p>\n<p>Berufsordnung<br \/>\nKammergesetz f\u00fcr die Heilberufe<br \/>\nGeb\u00fchrenordnung<br \/>\nDie berufsrechtlichen Regelungen k\u00f6nnen Sie hier einsehen: <a href=\"https:\/\/www.aekn.de\/arztspezial\/arzt-und-recht\/\" target=\"_blank\" rel=\"noopener noreferrer\">Arzt und Recht<\/a><br \/>\nAlternativ k\u00f6nnen Sie die berufsrechtlichen Regelungen bei uns in der Praxis einsehen.<\/p>\n<\/div>\n<\/div><div class=\"fusion-clearfix\"><\/div><\/div><\/div><div class=\"fusion-layout-column fusion_builder_column fusion-builder-column-4 fusion_builder_column_1_1 1_1 fusion-one-full fusion-column-first fusion-column-last\" style=\"--awb-bg-size:cover;\"><div class=\"fusion-column-wrapper fusion-flex-column-wrapper-legacy\"><div class=\"fusion-text fusion-text-3\"><p><strong>ADR-HINWEIS, \u00a7 36 VBSG:<\/strong><br \/>\nWir nehmen nicht an einem Streitbeilegungsverfahren vor einer Verbraucherschlichtungsstelle teil.<\/p>\n<\/div><div class=\"fusion-clearfix\"><\/div><\/div><\/div><div class=\"fusion-layout-column fusion_builder_column fusion-builder-column-5 fusion_builder_column_1_1 1_1 fusion-one-full fusion-column-first fusion-column-last fusion-column-inner-bg-wrapper\" style=\"--awb-inner-bg-size:cover;\"><span class=\"fusion-column-inner-bg hover-type-none\"><a class=\"fusion-column-anchor\" href=\"http:\/\/www.designery-health.de\"><span class=\"fusion-column-inner-bg-image\"><\/span><\/a><\/span><div class=\"fusion-column-wrapper fusion-flex-column-wrapper-legacy\"><div class=\"fusion-title title fusion-title-3 fusion-sep-none fusion-title-text fusion-title-size-three\" style=\"--awb-margin-top-small:0px;--awb-margin-right-small:0px;--awb-margin-bottom-small:20px;--awb-margin-left-small:0px;\"><h3 class=\"fusion-title-heading title-heading-left fusion-responsive-typography-calculated\" style=\"margin:0;--fontSize:20;--minFontSize:20;line-height:1.5;\"><strong>Gestaltung<\/strong><\/h3><\/div><div class=\"fusion-image-element fusion-image-align-left in-legacy-container\" style=\"text-align:left;--awb-max-width:200px;--awb-caption-title-font-family:var(--h2_typography-font-family);--awb-caption-title-font-weight:var(--h2_typography-font-weight);--awb-caption-title-font-style:var(--h2_typography-font-style);--awb-caption-title-size:var(--h2_typography-font-size);--awb-caption-title-transform:var(--h2_typography-text-transform);--awb-caption-title-line-height:var(--h2_typography-line-height);--awb-caption-title-letter-spacing:var(--h2_typography-letter-spacing);\"><span class=\" fusion-imageframe imageframe-none imageframe-2 hover-type-none\" style=\"margin-right:25px;float:left;\"><img decoding=\"async\" width=\"283\" height=\"61\" alt=\"Hausarzt Bomlitz - Beermann - Designery Praxismarketing - Logo\" title=\"Hausarzt Bomlitz &#8211; Beermann &#8211; Designery Praxismarketing &#8211; Logo\" src=\"https:\/\/www.internisten-heidekreis.de\/Benefeld\/wp-content\/uploads\/2017\/12\/Designery-Praxismarketing-Logo.jpg\" class=\"img-responsive wp-image-648\" srcset=\"https:\/\/www.internisten-heidekreis.de\/Benefeld\/wp-content\/uploads\/2017\/12\/Designery-Praxismarketing-Logo-200x43.jpg 200w, https:\/\/www.internisten-heidekreis.de\/Benefeld\/wp-content\/uploads\/2017\/12\/Designery-Praxismarketing-Logo.jpg 283w\" sizes=\"(max-width: 800px) 100vw, 283px\" \/><\/span><\/div><div class=\"fusion-sep-clear\"><\/div><div class=\"fusion-separator fusion-full-width-sep\" style=\"margin-left: auto;margin-right: auto;margin-top:1px;margin-bottom:0px;width:100%;\"><\/div><div class=\"fusion-sep-clear\"><\/div><div class=\"fusion-text fusion-text-4\"><p>Agentur f\u00fcr Praxismarketing<\/p>\n<\/div><div class=\"fusion-clearfix\"><\/div><\/div><\/div><div class=\"fusion-layout-column fusion_builder_column fusion-builder-column-6 fusion_builder_column_1_1 1_1 fusion-one-full fusion-column-first fusion-column-last\" style=\"--awb-bg-size:cover;\"><div class=\"fusion-column-wrapper fusion-flex-column-wrapper-legacy\"><div class=\"fusion-title title fusion-title-4 fusion-sep-none fusion-title-text fusion-title-size-four\" style=\"--awb-margin-top-small:0px;--awb-margin-right-small:0px;--awb-margin-bottom-small:20px;--awb-margin-left-small:0px;\"><h4 class=\"fusion-title-heading title-heading-left fusion-responsive-typography-calculated\" style=\"margin:0;--fontSize:18;--minFontSize:18;line-height:1.5;\">Logogestaltung in Zusammenarbeit mit Sophie Koop<\/h4><\/div><div class=\"fusion-clearfix\"><\/div><\/div><\/div><\/div><\/div><\/p>\n","protected":false},"excerpt":{"rendered":"","protected":false},"author":1,"featured_media":0,"parent":0,"menu_order":0,"comment_status":"closed","ping_status":"closed","template":"100-width.php","meta":{"footnotes":""},"class_list":["post-22","page","type-page","status-publish","hentry"],"yoast_head":"<!-- This site is optimized with the Yoast SEO plugin v27.4 - https:\/\/yoast.com\/product\/yoast-seo-wordpress\/ -->\n<title>Hausarzt Bomlitz: Das ist unser Impressum mit allen wichtigen Angaben<\/title>\n<meta name=\"description\" content=\"Impressum Hausarzt Bomlitz: Hier finden Sie alle wichtigen rechtlichen Angaben. Informieren Sie sich auf den \u00fcbrigen Seiten \u00fcber Praxis und Leistungen von der Haus\u00e4rzte in Bomlitz.\" \/>\n<meta name=\"robots\" content=\"index, follow, max-snippet:-1, max-image-preview:large, max-video-preview:-1\" \/>\n<link rel=\"canonical\" href=\"https:\/\/www.internisten-heidekreis.de\/Benefeld\/impressum\/\" \/>\n<meta property=\"og:locale\" content=\"de_DE\" \/>\n<meta property=\"og:type\" content=\"article\" \/>\n<meta property=\"og:title\" content=\"Hausarzt Bomlitz: Das ist unser Impressum mit allen wichtigen Angaben\" \/>\n<meta property=\"og:description\" content=\"Impressum Hausarzt Bomlitz: Hier finden Sie alle wichtigen rechtlichen Angaben. Informieren Sie sich auf den \u00fcbrigen Seiten \u00fcber Praxis und Leistungen von der Haus\u00e4rzte in Bomlitz.\" \/>\n<meta property=\"og:url\" content=\"https:\/\/www.internisten-heidekreis.de\/Benefeld\/impressum\/\" \/>\n<meta property=\"og:site_name\" content=\"Beermann - Benefeld\" \/>\n<meta property=\"article:modified_time\" content=\"2019-07-29T10:49:54+00:00\" \/>\n<meta name=\"twitter:card\" content=\"summary_large_image\" \/>\n<meta name=\"twitter:label1\" content=\"Gesch\u00e4tzte Lesezeit\" \/>\n\t<meta name=\"twitter:data1\" content=\"6\u00a0Minuten\" \/>\n<script type=\"application\/ld+json\" class=\"yoast-schema-graph\">{\"@context\":\"https:\\\/\\\/schema.org\",\"@graph\":[{\"@type\":\"WebPage\",\"@id\":\"https:\\\/\\\/www.internisten-heidekreis.de\\\/Benefeld\\\/impressum\\\/\",\"url\":\"https:\\\/\\\/www.internisten-heidekreis.de\\\/Benefeld\\\/impressum\\\/\",\"name\":\"Hausarzt Bomlitz: Das ist unser Impressum mit allen wichtigen Angaben\",\"isPartOf\":{\"@id\":\"https:\\\/\\\/www.internisten-heidekreis.de\\\/Benefeld\\\/#website\"},\"datePublished\":\"2016-07-08T16:20:55+00:00\",\"dateModified\":\"2019-07-29T10:49:54+00:00\",\"description\":\"Impressum Hausarzt Bomlitz: Hier finden Sie alle wichtigen rechtlichen Angaben. Informieren Sie sich auf den \u00fcbrigen Seiten \u00fcber Praxis und Leistungen von der Haus\u00e4rzte in Bomlitz.\",\"breadcrumb\":{\"@id\":\"https:\\\/\\\/www.internisten-heidekreis.de\\\/Benefeld\\\/impressum\\\/#breadcrumb\"},\"inLanguage\":\"de\",\"potentialAction\":[{\"@type\":\"ReadAction\",\"target\":[\"https:\\\/\\\/www.internisten-heidekreis.de\\\/Benefeld\\\/impressum\\\/\"]}]},{\"@type\":\"BreadcrumbList\",\"@id\":\"https:\\\/\\\/www.internisten-heidekreis.de\\\/Benefeld\\\/impressum\\\/#breadcrumb\",\"itemListElement\":[{\"@type\":\"ListItem\",\"position\":1,\"name\":\"Home\",\"item\":\"https:\\\/\\\/www.internisten-heidekreis.de\\\/Benefeld\\\/\"},{\"@type\":\"ListItem\",\"position\":2,\"name\":\"Impressum\"}]},{\"@type\":\"WebSite\",\"@id\":\"https:\\\/\\\/www.internisten-heidekreis.de\\\/Benefeld\\\/#website\",\"url\":\"https:\\\/\\\/www.internisten-heidekreis.de\\\/Benefeld\\\/\",\"name\":\"Beermann - Benefeld\",\"description\":\"\",\"potentialAction\":[{\"@type\":\"SearchAction\",\"target\":{\"@type\":\"EntryPoint\",\"urlTemplate\":\"https:\\\/\\\/www.internisten-heidekreis.de\\\/Benefeld\\\/?s={search_term_string}\"},\"query-input\":{\"@type\":\"PropertyValueSpecification\",\"valueRequired\":true,\"valueName\":\"search_term_string\"}}],\"inLanguage\":\"de\"}]}<\/script>\n<!-- \/ Yoast SEO plugin. -->","yoast_head_json":{"title":"Hausarzt Bomlitz: Das ist unser Impressum mit allen wichtigen Angaben","description":"Impressum Hausarzt Bomlitz: Hier finden Sie alle wichtigen rechtlichen Angaben. Informieren Sie sich auf den \u00fcbrigen Seiten \u00fcber Praxis und Leistungen von der Haus\u00e4rzte in Bomlitz.","robots":{"index":"index","follow":"follow","max-snippet":"max-snippet:-1","max-image-preview":"max-image-preview:large","max-video-preview":"max-video-preview:-1"},"canonical":"https:\/\/www.internisten-heidekreis.de\/Benefeld\/impressum\/","og_locale":"de_DE","og_type":"article","og_title":"Hausarzt Bomlitz: Das ist unser Impressum mit allen wichtigen Angaben","og_description":"Impressum Hausarzt Bomlitz: Hier finden Sie alle wichtigen rechtlichen Angaben. Informieren Sie sich auf den \u00fcbrigen Seiten \u00fcber Praxis und Leistungen von der Haus\u00e4rzte in Bomlitz.","og_url":"https:\/\/www.internisten-heidekreis.de\/Benefeld\/impressum\/","og_site_name":"Beermann - Benefeld","article_modified_time":"2019-07-29T10:49:54+00:00","twitter_card":"summary_large_image","twitter_misc":{"Gesch\u00e4tzte Lesezeit":"6\u00a0Minuten"},"schema":{"@context":"https:\/\/schema.org","@graph":[{"@type":"WebPage","@id":"https:\/\/www.internisten-heidekreis.de\/Benefeld\/impressum\/","url":"https:\/\/www.internisten-heidekreis.de\/Benefeld\/impressum\/","name":"Hausarzt Bomlitz: Das ist unser Impressum mit allen wichtigen Angaben","isPartOf":{"@id":"https:\/\/www.internisten-heidekreis.de\/Benefeld\/#website"},"datePublished":"2016-07-08T16:20:55+00:00","dateModified":"2019-07-29T10:49:54+00:00","description":"Impressum Hausarzt Bomlitz: Hier finden Sie alle wichtigen rechtlichen Angaben. Informieren Sie sich auf den \u00fcbrigen Seiten \u00fcber Praxis und Leistungen von der Haus\u00e4rzte in Bomlitz.","breadcrumb":{"@id":"https:\/\/www.internisten-heidekreis.de\/Benefeld\/impressum\/#breadcrumb"},"inLanguage":"de","potentialAction":[{"@type":"ReadAction","target":["https:\/\/www.internisten-heidekreis.de\/Benefeld\/impressum\/"]}]},{"@type":"BreadcrumbList","@id":"https:\/\/www.internisten-heidekreis.de\/Benefeld\/impressum\/#breadcrumb","itemListElement":[{"@type":"ListItem","position":1,"name":"Home","item":"https:\/\/www.internisten-heidekreis.de\/Benefeld\/"},{"@type":"ListItem","position":2,"name":"Impressum"}]},{"@type":"WebSite","@id":"https:\/\/www.internisten-heidekreis.de\/Benefeld\/#website","url":"https:\/\/www.internisten-heidekreis.de\/Benefeld\/","name":"Beermann - Benefeld","description":"","potentialAction":[{"@type":"SearchAction","target":{"@type":"EntryPoint","urlTemplate":"https:\/\/www.internisten-heidekreis.de\/Benefeld\/?s={search_term_string}"},"query-input":{"@type":"PropertyValueSpecification","valueRequired":true,"valueName":"search_term_string"}}],"inLanguage":"de"}]}},"_links":{"self":[{"href":"https:\/\/www.internisten-heidekreis.de\/Benefeld\/wp-json\/wp\/v2\/pages\/22","targetHints":{"allow":["GET"]}}],"collection":[{"href":"https:\/\/www.internisten-heidekreis.de\/Benefeld\/wp-json\/wp\/v2\/pages"}],"about":[{"href":"https:\/\/www.internisten-heidekreis.de\/Benefeld\/wp-json\/wp\/v2\/types\/page"}],"author":[{"embeddable":true,"href":"https:\/\/www.internisten-heidekreis.de\/Benefeld\/wp-json\/wp\/v2\/users\/1"}],"replies":[{"embeddable":true,"href":"https:\/\/www.internisten-heidekreis.de\/Benefeld\/wp-json\/wp\/v2\/comments?post=22"}],"version-history":[{"count":10,"href":"https:\/\/www.internisten-heidekreis.de\/Benefeld\/wp-json\/wp\/v2\/pages\/22\/revisions"}],"predecessor-version":[{"id":1060,"href":"https:\/\/www.internisten-heidekreis.de\/Benefeld\/wp-json\/wp\/v2\/pages\/22\/revisions\/1060"}],"wp:attachment":[{"href":"https:\/\/www.internisten-heidekreis.de\/Benefeld\/wp-json\/wp\/v2\/media?parent=22"}],"curies":[{"name":"wp","href":"https:\/\/api.w.org\/{rel}","templated":true}]}}